{"id":1132,"date":"2022-06-27T17:40:45","date_gmt":"2022-06-27T17:40:45","guid":{"rendered":"https:\/\/mabilus.com\/skylitzes-matritensis\/"},"modified":"2022-10-04T11:38:55","modified_gmt":"2022-10-04T11:38:55","slug":"skylitzes-matritensis","status":"publish","type":"page","link":"https:\/\/mabilus.com\/ca\/skylitzes-matritensis\/","title":{"rendered":"Skylitzes matritensis"},"content":{"rendered":"\t\t<div data-elementor-type=\"wp-page\" data-elementor-id=\"1132\" class=\"elementor elementor-1132 elementor-288\" data-elementor-post-type=\"page\">\n\t\t\t\t\t\t<section class=\"elementor-section elementor-top-section elementor-element elementor-element-21216228 elementor-section-height-min-height elementor-section-content-bottom elementor-section-items-bottom elementor-section-boxed elementor-section-height-default\" data-id=\"21216228\" data-element_type=\"section\" data-e-type=\"section\" data-settings=\"{&quot;background_background&quot;:&quot;classic&quot;}\">\n\t\t\t\t\t\t<div class=\"elementor-container elementor-column-gap-default\">\n\t\t\t\t\t<div class=\"elementor-column elementor-col-50 elementor-top-column elementor-element elementor-element-1a44a7f7\" data-id=\"1a44a7f7\" data-element_type=\"column\" data-e-type=\"column\" data-settings=\"{&quot;background_background&quot;:&quot;classic&quot;}\">\n\t\t\t<div class=\"elementor-widget-wrap elementor-element-populated\">\n\t\t\t\t\t\t<div class=\"elementor-element elementor-element-4ed4ec9f elementor-widget elementor-widget-heading\" data-id=\"4ed4ec9f\" data-element_type=\"widget\" data-e-type=\"widget\" data-widget_type=\"heading.default\">\n\t\t\t\t<div class=\"elementor-widget-container\">\n\t\t\t\t\t<h2 class=\"elementor-heading-title elementor-size-default\">Skylitzes matritensis\u200b<\/h2>\t\t\t\t<\/div>\n\t\t\t\t<\/div>\n\t\t\t\t\t<\/div>\n\t\t<\/div>\n\t\t\t\t<div class=\"elementor-column elementor-col-50 elementor-top-column elementor-element elementor-element-796624f0\" data-id=\"796624f0\" data-element_type=\"column\" data-e-type=\"column\">\n\t\t\t<div class=\"elementor-widget-wrap\">\n\t\t\t\t\t\t\t<\/div>\n\t\t<\/div>\n\t\t\t\t\t<\/div>\n\t\t<\/section>\n\t\t\t\t<section class=\"elementor-section elementor-top-section elementor-element elementor-element-9eaef97 elementor-section-boxed elementor-section-height-default elementor-section-height-default\" data-id=\"9eaef97\" data-element_type=\"section\" data-e-type=\"section\">\n\t\t\t\t\t\t<div class=\"elementor-container elementor-column-gap-default\">\n\t\t\t\t\t<div class=\"elementor-column elementor-col-100 elementor-top-column elementor-element elementor-element-285fbdb\" data-id=\"285fbdb\" data-element_type=\"column\" data-e-type=\"column\">\n\t\t\t<div class=\"elementor-widget-wrap elementor-element-populated\">\n\t\t\t\t\t\t<div class=\"elementor-element elementor-element-8d5a413 elementor-widget elementor-widget-text-editor\" data-id=\"8d5a413\" data-element_type=\"widget\" data-e-type=\"widget\" data-widget_type=\"text-editor.default\">\n\t\t\t\t<div class=\"elementor-widget-container\">\n\t\t\t\t\t\t\t\t\t<p><span style=\"font-weight: 400;\">El projecte d\u2019investigaci\u00f3\u00a0<\/span><i><span style=\"font-weight: 400;\">Manuscrits bizantins il\u00b7luminats a Espanya: obra, context i materialitat \u2013 MABILUS (PID2020-120067GB-I00)<\/span><\/i><span style=\"font-weight: 400;\">, finan\u00e7at pel Ministeri de Ci\u00e8ncia i Innovaci\u00f3, t\u00e9 com a objectiu prioritari la realitzaci\u00f3 d\u2019un innovador i pioner estudi sobre l\u2019<\/span><i><span style=\"font-weight: 400;\">Skylitzes matritensis\u00a0<\/span><\/i><span style=\"font-weight: 400;\">(BN, Vitr 26-2), a partir d\u2019una estreta col\u00b7laboraci\u00f3 amb l\u2019<\/span><b>Institut del Patrimoni Cultural d\u2019Espanya\u00a0<\/b><span style=\"font-weight: 400;\">(IPCE) i la\u00a0<\/span><b>Biblioteca Nacional de Madrid.\u00a0<\/b><span style=\"font-weight: 400;\">Es tracta d\u2019un dels manuscrits m\u00e9s lluminosos i de m\u00e9s valor hist\u00f2ric i art\u00edstic de la col\u00b7lecci\u00f3, plena de riquesa, dels manuscrits de la Biblioteca Nacional d\u2019Espanya. La seva fama internacional procedeix del fet que estem davant de\u00a0<\/span><b>l\u2019exemple m\u00e9s antic conservat d\u2019una cr\u00f2nica bizantina il\u00b7lustrada<\/b><span style=\"font-weight: 400;\">\u00a0-la\u00a0<\/span><i><span style=\"font-weight: 400;\">Synopsis Historiarum<\/span><\/i><span style=\"font-weight: 400;\">\u00a0de Juan Escilitzes (cap al 1070 \u2013 1080) i que les seves extenses il\u00b7lustracions -constitu\u00eft per\u00a0<\/span><b>574 miniatures<\/b><span style=\"font-weight: 400;\">&#8211; \u00e9s un testimoni inigualable de la civilitzaci\u00f3 bizantina i dels exemples m\u00e9s preciosos d\u2019art prof\u00e0.<\/span><\/p><p><span style=\"font-weight: 400;\">La comprensi\u00f3 de com es produ\u00ed el manuscrit (233 folis de pergam\u00ed de 35,5 x 27 cm) a Sic\u00edlia ha estat des de sempre un repte per als estudiosos. En primer lloc, es tracta d\u2019una narraci\u00f3 hist\u00f2rica que relata les\u00a0<\/span><b>vicissituds dels emperadors bizantins entre els anys 851 i 1057<\/b><span style=\"font-weight: 400;\">, la qual era especialment interessant per al poder imperial constantinopolit\u00e0 i que fou creat quan Bizanci ja havia perdut definitivament el control de l\u2019illa, conquerida primer pels musulmans i m\u00e9s tard pels normands. En segon lloc,\u00a0<\/span><b>estem davant d\u2019una c\u00f2pia del text portada a terme a la Sic\u00edlia normanda del segle XII<\/b><span style=\"font-weight: 400;\">, probablement en dos moments diferents i que constitueix un dels pocs exemples conservats del manuscrit hist\u00f2ric copiat en aquesta zona del Mediterrani. En tercer lloc, el manuscrit cont\u00e9 una\u00a0<\/span><b>luxosa il\u00b7lustraci\u00f3 realitzada per set pintors que pertanyien a diferents tradicions art\u00edstiques i culturals,\u00a0<\/b><span style=\"font-weight: 400;\">bizantins i no bizantins.<\/span><\/p><p><span style=\"font-weight: 400;\">De fet, tot i que molts investigadors, entre ells prestigiosos bizantinistes espanyols com Sesbasti\u00e1n Cirac Estopa\u00f1\u00e1n o nord-americans com Ihor\u00a0\u0160ev\u010denko, estudiosos dels manuscrits grecs com Jos\u00e9 Mar\u00eda Fern\u00e1ndez-Pomar, Nigel Wilson, Boris L. Fonkic, Santo Luc\u00e0 i Maria Bianca Foti, o historiadors de l\u2019art de diferents nacionalitats com Andr\u00e9 Grabar, Christopher Walker, Vasiliki Tsamakda i Elena N. Boeck, s\u2019han ocupat d\u2019estudiar el manuscrit de dalt a baix,\u00a0<\/span><b>la data i la proced\u00e8ncia segueixen essent motiu de debat.\u00a0<\/b><span style=\"font-weight: 400;\">S\u2019ha volgut explicar la seva c\u00f2pia com un enc\u00e0rrec de l\u2019\u00faltim ter\u00e7 del segle XII d\u2019un patrici grec de Sic\u00edlia als monjos copistes del monestir basili\u00e0 de\u00a0<\/span><b>Salvador in Lingua Fari a Mesina<\/b><span style=\"font-weight: 400;\">, on es trobava el manuscrit durant el segle XV. El port\u00e0 des d\u2019aquesta ciutat italiana\u00a0<\/span><b>Francisco Mendoza Pacheco, IV duc d\u2019Uceda (1687\u00a0\u00a01696)<\/b><span style=\"font-weight: 400;\">, biblioteca del qual fou confiscat per Felip V per ingressar a la Biblioteca Reial, m\u00e9s tard Nacional, l&#8217;any 1712. Tanmateix, part dels investigadors es decanten per la producci\u00f3 del manuscrit a mitjans del segle XII a\u00a0<\/span><b>Palerm<\/b><span style=\"font-weight: 400;\">, en l\u2019entorn palat\u00ed dels reis normands Roger II (1105 \u2013 1154) o Guillem I (1154 \u2013 1166). Tampoc existeix cap acord sobre la dataci\u00f3, ja que l\u2019estil de les seves miniatures \u00e9s molt variat i algun d\u2019ells molt similar a l\u2019art de l\u2019illa cap al 1200.<\/span><\/p><p align=\"left\"><span style=\"font-weight: 400;\">A causa d&#8217;aix\u00f2, el manuscrit ser\u00e0 sotm\u00e8s a l\u2019<\/span><b>Institut del Patrimoni Cultural d\u2019Espanya (IPCE)\u00a0<\/b><span style=\"font-weight: 400;\">a una\u00a0<\/span><b>anal\u00edtica sistem\u00e0tica dels pergamins, pigments, aglutinants i colorants del manuscrit amb t\u00e8cniques de laboratori.\u00a0<\/b><span style=\"font-weight: 400;\">Aquesta comprendr\u00e0 imatges multiespectrals, reflectografia per infrarojos, macrofotografies, microsc\u00f2pia \u00f2ptica i electr\u00f2nica i les necess\u00e0ries preses de mostres. Aix\u00f2 permetr\u00e0 entendre m\u00e9s b\u00e9 aquest manuscrit, el possible lloc de producci\u00f3 i formaci\u00f3 de les seves miniatures, els intercanvis i les influ\u00e8ncies art\u00edstiques entre Orient i Occident, la import\u00e0ncia de les xarxes comercials i certs aspectes de la multiculturalitat i la transmissi\u00f3 de sabers del Mediterrani. A part,\u00a0<\/span><b>aquest estudi facilitar\u00e0 dades per realitzar en el futur una correcta restauraci\u00f3 del manuscrit i la possible millora de les seves condicions de conservaci\u00f3.<\/b><\/p>\t\t\t\t\t\t\t\t<\/div>\n\t\t\t\t<\/div>\n\t\t\t\t\t<\/div>\n\t\t<\/div>\n\t\t\t\t\t<\/div>\n\t\t<\/section>\n\t\t\t\t<section class=\"elementor-section elementor-top-section elementor-element elementor-element-d00e500 elementor-section-boxed elementor-section-height-default elementor-section-height-default\" data-id=\"d00e500\" data-element_type=\"section\" data-e-type=\"section\">\n\t\t\t\t\t\t<div class=\"elementor-container elementor-column-gap-default\">\n\t\t\t\t\t<div class=\"elementor-column elementor-col-100 elementor-top-column elementor-element elementor-element-2b8afb3\" data-id=\"2b8afb3\" data-element_type=\"column\" data-e-type=\"column\" data-settings=\"{&quot;background_background&quot;:&quot;classic&quot;}\">\n\t\t\t<div class=\"elementor-widget-wrap elementor-element-populated\">\n\t\t\t\t\t\t<div class=\"elementor-element elementor-element-efb75b2 elementor-widget elementor-widget-heading\" data-id=\"efb75b2\" data-element_type=\"widget\" data-e-type=\"widget\" data-widget_type=\"heading.default\">\n\t\t\t\t<div class=\"elementor-widget-container\">\n\t\t\t\t\t<h4 class=\"elementor-heading-title elementor-size-default\">ACTUALITAT<\/h4>\t\t\t\t<\/div>\n\t\t\t\t<\/div>\n\t\t\t\t<div class=\"elementor-element elementor-element-a69c88f elementor-grid-1 elementor-posts--thumbnail-left elementor-grid-tablet-2 elementor-grid-mobile-1 elementor-widget elementor-widget-posts\" data-id=\"a69c88f\" data-element_type=\"widget\" data-e-type=\"widget\" data-settings=\"{&quot;classic_columns&quot;:&quot;1&quot;,&quot;classic_row_gap&quot;:{&quot;unit&quot;:&quot;px&quot;,&quot;size&quot;:50,&quot;sizes&quot;:[]},&quot;classic_columns_tablet&quot;:&quot;2&quot;,&quot;classic_columns_mobile&quot;:&quot;1&quot;,&quot;classic_row_gap_tablet&quot;:{&quot;unit&quot;:&quot;px&quot;,&quot;size&quot;:&quot;&quot;,&quot;sizes&quot;:[]},&quot;classic_row_gap_mobile&quot;:{&quot;unit&quot;:&quot;px&quot;,&quot;size&quot;:&quot;&quot;,&quot;sizes&quot;:[]}}\" data-widget_type=\"posts.classic\">\n\t\t\t\t<div class=\"elementor-widget-container\">\n\t\t\t\t\t\t\t<div class=\"elementor-posts-container elementor-posts elementor-posts--skin-classic elementor-grid\" role=\"list\">\n\t\t\t\t<article class=\"elementor-post elementor-grid-item post-1609 noticia type-noticia status-publish has-post-thumbnail hentry\" role=\"listitem\">\n\t\t\t\t<a class=\"elementor-post__thumbnail__link\" href=\"https:\/\/mabilus.com\/ca\/noticia\/taula-rodona-el-texto-y-la-imagen-presentacio-del-llibre-la-cronica-ilustrada-de-escilitzes\/\" tabindex=\"-1\" >\n\t\t\t<div class=\"elementor-post__thumbnail\"><img fetchpriority=\"high\" decoding=\"async\" width=\"724\" height=\"1024\" src=\"https:\/\/mabilus.com\/wp-content\/uploads\/2026\/01\/Cartel-Def.-Cartel-Mesa-Redonda-Cronica-Ilustrada-724x1024.png\" class=\"attachment-large size-large wp-image-1599\" alt=\"\" srcset=\"https:\/\/mabilus.com\/wp-content\/uploads\/2026\/01\/Cartel-Def.-Cartel-Mesa-Redonda-Cronica-Ilustrada-724x1024.png 724w, https:\/\/mabilus.com\/wp-content\/uploads\/2026\/01\/Cartel-Def.-Cartel-Mesa-Redonda-Cronica-Ilustrada-212x300.png 212w, https:\/\/mabilus.com\/wp-content\/uploads\/2026\/01\/Cartel-Def.-Cartel-Mesa-Redonda-Cronica-Ilustrada-768x1086.png 768w, https:\/\/mabilus.com\/wp-content\/uploads\/2026\/01\/Cartel-Def.-Cartel-Mesa-Redonda-Cronica-Ilustrada-1086x1536.png 1086w, https:\/\/mabilus.com\/wp-content\/uploads\/2026\/01\/Cartel-Def.-Cartel-Mesa-Redonda-Cronica-Ilustrada.png 1414w\" sizes=\"(max-width: 724px) 100vw, 724px\" \/><\/div>\n\t\t<\/a>\n\t\t\t\t<div class=\"elementor-post__text\">\n\t\t\t\t<h3 class=\"elementor-post__title\">\n\t\t\t<a href=\"https:\/\/mabilus.com\/ca\/noticia\/taula-rodona-el-texto-y-la-imagen-presentacio-del-llibre-la-cronica-ilustrada-de-escilitzes\/\" >\n\t\t\t\tTaula Rodona: El texto y la imagen; Presentaci\u00f3 del llibre La cr\u00f3nica ilustrada de Escilitzes\t\t\t<\/a>\n\t\t<\/h3>\n\t\t\t\t<div class=\"elementor-post__excerpt\">\n\t\t\t<p>El pr\u00f2xim dijous, 22 de gener, a les 11h, al Sal\u00f3 d\u2019Actes de la Facultat de Geografia i Hist\u00f2ria de la Universitat Complutense de Madrid es celebrar\u00e0 una taula rodona titulada El texto y la imagen: c\u00f3mo contar la fascinante historia de Bizancio, amb motiu de la presentaci\u00f3 del llibre: La cr\u00f3nica ilustrada de Escilitzes (Madrid, BNE, VITR\/26\/2): nuevas perspectivas de estudio, ed. Manuel Casti\u00f1eiras, Universidad de Alcal\u00e1, 2025 (Anejo I de Estudios Bizantinos). &nbsp; Descarrega el cartell en pdf: Cartel Def. Cartel Mesa Redonda Cro\u0301nica Ilustrada<\/p>\n\t\t<\/div>\n\t\t\t\t<\/div>\n\t\t\t\t<\/article>\n\t\t\t\t<article class=\"elementor-post elementor-grid-item post-1591 noticia type-noticia status-publish has-post-thumbnail hentry\" role=\"listitem\">\n\t\t\t\t<a class=\"elementor-post__thumbnail__link\" href=\"https:\/\/mabilus.com\/ca\/noticia\/manuel-antonio-castineiras-gonzalez-ed-la-cronica-ilustrada-del-skylitzes-madrid-bne-vitr-26-2-nuevas-perspectivas-de-estudio\/\" tabindex=\"-1\" >\n\t\t\t<div class=\"elementor-post__thumbnail\"><img decoding=\"async\" width=\"800\" height=\"328\" src=\"https:\/\/mabilus.com\/wp-content\/uploads\/2025\/11\/BOOK-1024x420.png\" class=\"attachment-large size-large wp-image-1583\" alt=\"\" srcset=\"https:\/\/mabilus.com\/wp-content\/uploads\/2025\/11\/BOOK-1024x420.png 1024w, https:\/\/mabilus.com\/wp-content\/uploads\/2025\/11\/BOOK-300x123.png 300w, https:\/\/mabilus.com\/wp-content\/uploads\/2025\/11\/BOOK-768x315.png 768w, https:\/\/mabilus.com\/wp-content\/uploads\/2025\/11\/BOOK-1536x630.png 1536w, https:\/\/mabilus.com\/wp-content\/uploads\/2025\/11\/BOOK.png 1618w\" sizes=\"(max-width: 800px) 100vw, 800px\" \/><\/div>\n\t\t<\/a>\n\t\t\t\t<div class=\"elementor-post__text\">\n\t\t\t\t<h3 class=\"elementor-post__title\">\n\t\t\t<a href=\"https:\/\/mabilus.com\/ca\/noticia\/manuel-antonio-castineiras-gonzalez-ed-la-cronica-ilustrada-del-skylitzes-madrid-bne-vitr-26-2-nuevas-perspectivas-de-estudio\/\" >\n\t\t\t\tManuel Antonio CASTI\u00d1EIRAS GONZ\u00c1LEZ (ed.), La cr\u00f3nica ilustrada del Skylitzes (Madrid, BNE, VITR\/26\/2): nuevas perspectivas de estudio.\t\t\t<\/a>\n\t\t<\/h3>\n\t\t\t\t<div class=\"elementor-post__excerpt\">\n\t\t\t<p>S\u2019ha publicat el volum amb els resultats de la rec\u00e8rca.<\/p>\n\t\t<\/div>\n\t\t\t\t<\/div>\n\t\t\t\t<\/article>\n\t\t\t\t<article class=\"elementor-post elementor-grid-item post-1556 noticia type-noticia status-publish has-post-thumbnail hentry\" role=\"listitem\">\n\t\t\t\t<a class=\"elementor-post__thumbnail__link\" href=\"https:\/\/mabilus.com\/ca\/noticia\/prorroga-de-la-exposicion-un-universo-de-imagenes-el-skylitzes-matritensis\/\" tabindex=\"-1\" >\n\t\t\t<div class=\"elementor-post__thumbnail\"><img decoding=\"async\" width=\"800\" height=\"600\" src=\"https:\/\/mabilus.com\/wp-content\/uploads\/2024\/10\/expo-skylitzes-1024x768.jpg\" class=\"attachment-large size-large wp-image-1557\" alt=\"\" srcset=\"https:\/\/mabilus.com\/wp-content\/uploads\/2024\/10\/expo-skylitzes-1024x768.jpg 1024w, https:\/\/mabilus.com\/wp-content\/uploads\/2024\/10\/expo-skylitzes-300x225.jpg 300w, https:\/\/mabilus.com\/wp-content\/uploads\/2024\/10\/expo-skylitzes-768x576.jpg 768w, https:\/\/mabilus.com\/wp-content\/uploads\/2024\/10\/expo-skylitzes-1536x1152.jpg 1536w, https:\/\/mabilus.com\/wp-content\/uploads\/2024\/10\/expo-skylitzes-2048x1536.jpg 2048w\" sizes=\"(max-width: 800px) 100vw, 800px\" \/><\/div>\n\t\t<\/a>\n\t\t\t\t<div class=\"elementor-post__text\">\n\t\t\t\t<h3 class=\"elementor-post__title\">\n\t\t\t<a href=\"https:\/\/mabilus.com\/ca\/noticia\/prorroga-de-la-exposicion-un-universo-de-imagenes-el-skylitzes-matritensis\/\" >\n\t\t\t\tPr\u00f2rroga de la Exposici\u00f3n: \u201cUn universo de im\u00e1genes: el Skylitzes Matritensis\u201d\t\t\t<\/a>\n\t\t<\/h3>\n\t\t\t\t<div class=\"elementor-post__excerpt\">\n\t\t\t<p>La Biblioteca Nacional de Espa\u00f1a ha prorrogado la exposici\u00f3n \u201cUn universo de im\u00e1genes: el Skylitzes Matritensis\u201d hasta el 9 de noviembre, lo que coincide con la celebraci\u00f3n del seminario \u201cEntre Bizancio y Occidente:\u00a0 materiales, t\u00e9cnicas y procesos art\u00edsticos del Skylitzes Matritensis\u201d que tendr\u00e1 lugar los d\u00edas 6 y 7 de noviembre de 2024 en el auditorio Jorge Sempr\u00fan del Ministerio de Cultura.<\/p>\n\t\t<\/div>\n\t\t\t\t<\/div>\n\t\t\t\t<\/article>\n\t\t\t\t<\/div>\n\t\t\n\t\t\t\t<div class=\"e-load-more-anchor\" data-page=\"1\" data-max-page=\"5\" data-next-page=\"https:\/\/mabilus.com\/ca\/wp-json\/wp\/v2\/pages\/1132\/page\/2\/\"><\/div>\n\t\t\t\t<nav class=\"elementor-pagination\" aria-label=\"Paginaci\u00f3\">\n\t\t\t<span aria-current=\"page\" class=\"page-numbers current\"><span class=\"elementor-screen-only\">P\u00e0gina<\/span>1<\/span>\n<a class=\"page-numbers\" href=\"https:\/\/mabilus.com\/ca\/wp-json\/wp\/v2\/pages\/1132\/page\/2\/\"><span class=\"elementor-screen-only\">P\u00e0gina<\/span>2<\/a>\n<a class=\"page-numbers\" href=\"https:\/\/mabilus.com\/ca\/wp-json\/wp\/v2\/pages\/1132\/page\/3\/\"><span class=\"elementor-screen-only\">P\u00e0gina<\/span>3<\/a>\n<a class=\"page-numbers\" href=\"https:\/\/mabilus.com\/ca\/wp-json\/wp\/v2\/pages\/1132\/page\/4\/\"><span class=\"elementor-screen-only\">P\u00e0gina<\/span>4<\/a>\n<a class=\"page-numbers\" href=\"https:\/\/mabilus.com\/ca\/wp-json\/wp\/v2\/pages\/1132\/page\/5\/\"><span class=\"elementor-screen-only\">P\u00e0gina<\/span>5<\/a>\t\t<\/nav>\n\t\t\t\t\t\t<\/div>\n\t\t\t\t<\/div>\n\t\t\t\t\t<\/div>\n\t\t<\/div>\n\t\t\t\t\t<\/div>\n\t\t<\/section>\n\t\t\t\t<section class=\"elementor-section elementor-top-section elementor-element elementor-element-9687bd8 elementor-section-boxed elementor-section-height-default elementor-section-height-default\" data-id=\"9687bd8\" data-element_type=\"section\" data-e-type=\"section\">\n\t\t\t\t\t\t<div class=\"elementor-container elementor-column-gap-default\">\n\t\t\t\t\t<div class=\"elementor-column elementor-col-100 elementor-top-column elementor-element elementor-element-2ad4c86\" data-id=\"2ad4c86\" data-element_type=\"column\" data-e-type=\"column\">\n\t\t\t<div class=\"elementor-widget-wrap elementor-element-populated\">\n\t\t\t\t\t\t<div class=\"elementor-element elementor-element-c3de7b4 elementor-widget elementor-widget-gallery\" data-id=\"c3de7b4\" data-element_type=\"widget\" data-e-type=\"widget\" data-settings=\"{&quot;gallery_layout&quot;:&quot;masonry&quot;,&quot;columns&quot;:3,&quot;gap&quot;:{&quot;unit&quot;:&quot;px&quot;,&quot;size&quot;:30,&quot;sizes&quot;:[]},&quot;columns_tablet&quot;:3,&quot;lazyload&quot;:&quot;yes&quot;,&quot;columns_mobile&quot;:1,&quot;gap_tablet&quot;:{&quot;unit&quot;:&quot;px&quot;,&quot;size&quot;:10,&quot;sizes&quot;:[]},&quot;gap_mobile&quot;:{&quot;unit&quot;:&quot;px&quot;,&quot;size&quot;:10,&quot;sizes&quot;:[]},&quot;link_to&quot;:&quot;file&quot;,&quot;content_hover_animation&quot;:&quot;fade-in&quot;}\" data-widget_type=\"gallery.default\">\n\t\t\t\t<div class=\"elementor-widget-container\">\n\t\t\t\t\t\t\t<div class=\"elementor-gallery__container\">\n\t\t\t\t\t\t\t<a class=\"e-gallery-item elementor-gallery-item elementor-animated-content\" href=\"https:\/\/mabilus.com\/wp-content\/uploads\/2022\/06\/imagen_01-1.jpg\" data-elementor-open-lightbox=\"yes\" data-elementor-lightbox-slideshow=\"c3de7b4\" data-e-action-hash=\"#elementor-action%3Aaction%3Dlightbox%26settings%3DeyJpZCI6NDYxLCJ1cmwiOiJodHRwczpcL1wvbWFiaWx1cy5jb21cL3dwLWNvbnRlbnRcL3VwbG9hZHNcLzIwMjJcLzA2XC9pbWFnZW5fMDEtMS5qcGciLCJzbGlkZXNob3ciOiJjM2RlN2I0In0%3D\">\n\t\t\t\t\t<div class=\"e-gallery-image elementor-gallery-item__image\" data-thumbnail=\"https:\/\/mabilus.com\/wp-content\/uploads\/2022\/06\/imagen_01-1.jpg\" data-width=\"824\" data-height=\"1168\" aria-label=\"\" role=\"img\" ><\/div>\n\t\t\t\t\t\t\t\t\t\t\t\t\t\t<\/a>\n\t\t\t\t\t\t\t<a class=\"e-gallery-item elementor-gallery-item elementor-animated-content\" href=\"https:\/\/mabilus.com\/wp-content\/uploads\/2022\/06\/imagen_02-1.jpg\" data-elementor-open-lightbox=\"yes\" data-elementor-lightbox-slideshow=\"c3de7b4\" data-e-action-hash=\"#elementor-action%3Aaction%3Dlightbox%26settings%3DeyJpZCI6NDYyLCJ1cmwiOiJodHRwczpcL1wvbWFiaWx1cy5jb21cL3dwLWNvbnRlbnRcL3VwbG9hZHNcLzIwMjJcLzA2XC9pbWFnZW5fMDItMS5qcGciLCJzbGlkZXNob3ciOiJjM2RlN2I0In0%3D\">\n\t\t\t\t\t<div class=\"e-gallery-image elementor-gallery-item__image\" data-thumbnail=\"https:\/\/mabilus.com\/wp-content\/uploads\/2022\/06\/imagen_02-1.jpg\" data-width=\"824\" data-height=\"1168\" aria-label=\"\" role=\"img\" ><\/div>\n\t\t\t\t\t\t\t\t\t\t\t\t\t\t<\/a>\n\t\t\t\t\t\t\t<a class=\"e-gallery-item elementor-gallery-item elementor-animated-content\" href=\"https:\/\/mabilus.com\/wp-content\/uploads\/2022\/06\/imagen_03.jpg\" data-elementor-open-lightbox=\"yes\" data-elementor-lightbox-slideshow=\"c3de7b4\" data-e-action-hash=\"#elementor-action%3Aaction%3Dlightbox%26settings%3DeyJpZCI6NDYzLCJ1cmwiOiJodHRwczpcL1wvbWFiaWx1cy5jb21cL3dwLWNvbnRlbnRcL3VwbG9hZHNcLzIwMjJcLzA2XC9pbWFnZW5fMDMuanBnIiwic2xpZGVzaG93IjoiYzNkZTdiNCJ9\">\n\t\t\t\t\t<div class=\"e-gallery-image elementor-gallery-item__image\" data-thumbnail=\"https:\/\/mabilus.com\/wp-content\/uploads\/2022\/06\/imagen_03.jpg\" data-width=\"824\" data-height=\"1168\" aria-label=\"\" role=\"img\" ><\/div>\n\t\t\t\t\t\t\t\t\t\t\t\t\t\t<\/a>\n\t\t\t\t\t<\/div>\n\t\t\t\t\t<\/div>\n\t\t\t\t<\/div>\n\t\t\t\t\t<\/div>\n\t\t<\/div>\n\t\t\t\t\t<\/div>\n\t\t<\/section>\n\t\t\t\t<\/div>\n\t\t","protected":false},"excerpt":{"rendered":"<p>Skylitzes matritensis\u200b El projecte d\u2019investigaci\u00f3\u00a0Manuscrits bizantins il\u00b7luminats a Espanya: obra, context i materialitat \u2013 MABILUS (PID2020-120067GB-I00), finan\u00e7at pel Ministeri de Ci\u00e8ncia i Innovaci\u00f3, t\u00e9 com a objectiu prioritari la realitzaci\u00f3 d\u2019un innovador i pioner estudi sobre l\u2019Skylitzes matritensis\u00a0(BN, Vitr 26-2), a partir d\u2019una estreta col\u00b7laboraci\u00f3 amb l\u2019Institut del Patrimoni Cultural d\u2019Espanya\u00a0(IPCE) i la\u00a0Biblioteca Nacional de [&hellip;]<\/p>\n","protected":false},"author":1,"featured_media":0,"parent":0,"menu_order":0,"comment_status":"closed","ping_status":"closed","template":"","meta":{"_acf_changed":false,"footnotes":""},"class_list":["post-1132","page","type-page","status-publish","hentry"],"acf":[],"_links":{"self":[{"href":"https:\/\/mabilus.com\/ca\/wp-json\/wp\/v2\/pages\/1132","targetHints":{"allow":["GET"]}}],"collection":[{"href":"https:\/\/mabilus.com\/ca\/wp-json\/wp\/v2\/pages"}],"about":[{"href":"https:\/\/mabilus.com\/ca\/wp-json\/wp\/v2\/types\/page"}],"author":[{"embeddable":true,"href":"https:\/\/mabilus.com\/ca\/wp-json\/wp\/v2\/users\/1"}],"replies":[{"embeddable":true,"href":"https:\/\/mabilus.com\/ca\/wp-json\/wp\/v2\/comments?post=1132"}],"version-history":[{"count":5,"href":"https:\/\/mabilus.com\/ca\/wp-json\/wp\/v2\/pages\/1132\/revisions"}],"predecessor-version":[{"id":1138,"href":"https:\/\/mabilus.com\/ca\/wp-json\/wp\/v2\/pages\/1132\/revisions\/1138"}],"wp:attachment":[{"href":"https:\/\/mabilus.com\/ca\/wp-json\/wp\/v2\/media?parent=1132"}],"curies":[{"name":"wp","href":"https:\/\/api.w.org\/{rel}","templated":true}]}}